{"id":559,"date":"2026-02-02T11:47:14","date_gmt":"2026-02-02T11:47:14","guid":{"rendered":"https:\/\/gironaillustration.com\/?page_id=559"},"modified":"2026-02-02T11:49:04","modified_gmt":"2026-02-02T11:49:04","slug":"politica-de-cookies-esp","status":"publish","type":"page","link":"https:\/\/gironaillustration.com\/index.php\/es\/politica-de-cookies-esp\/","title":{"rendered":"Pol\u00edtica de cookies Esp"},"content":{"rendered":"<p>[et_pb_section fb_built=&#8221;1&#8243; _builder_version=&#8221;4.27.4&#8243; _module_preset=&#8221;default&#8221; global_colors_info=&#8221;{}&#8221; theme_builder_area=&#8221;post_content&#8221;][et_pb_row _builder_version=&#8221;4.27.4&#8243; _module_preset=&#8221;default&#8221; max_width=&#8221;80%&#8221; module_alignment=&#8221;center&#8221; custom_margin=&#8221;-50px||||false|false&#8221; hover_enabled=&#8221;0&#8243; global_colors_info=&#8221;{}&#8221; theme_builder_area=&#8221;post_content&#8221; sticky_enabled=&#8221;0&#8243;][et_pb_column type=&#8221;4_4&#8243; _builder_version=&#8221;4.27.4&#8243; _module_preset=&#8221;default&#8221; global_colors_info=&#8221;{}&#8221; theme_builder_area=&#8221;post_content&#8221;][et_pb_text _builder_version=&#8221;4.27.5&#8243; _module_preset=&#8221;default&#8221; custom_padding=&#8221;0px||||false|false&#8221; hover_enabled=&#8221;0&#8243; global_colors_info=&#8221;{}&#8221; theme_builder_area=&#8221;post_content&#8221; sticky_enabled=&#8221;0&#8243;]<\/p>\n<h2 class=\"et_pb_module_header\" style=\"text-align: center;\">Pol\u00edtica de cookies<\/h2>\n<p data-start=\"253\" data-end=\"347\">Este sitio web utiliza \u00fanicamente cookies t\u00e9cnicas necesarias para su correcto funcionamiento.<\/p>\n<p data-start=\"349\" data-end=\"477\">No se utilizan cookies con fines publicitarios ni de elaboraci\u00f3n de perfiles, ni se recopilan datos personales mediante cookies.<\/p>\n<p data-start=\"479\" data-end=\"626\">En caso de que en el futuro se incorporen cookies de terceros (por ejemplo, servicios de estad\u00edsticas), esta pol\u00edtica ser\u00e1 debidamente actualizada.<\/p>\n<p data-start=\"628\" data-end=\"774\">El usuario puede configurar su navegador para bloquear o eliminar las cookies, aunque esto puede afectar al correcto funcionamiento del sitio web.<\/p>\n<p data-start=\"776\" data-end=\"917\">Para m\u00e1s informaci\u00f3n sobre el uso de cookies, puede contactar con el titular del sitio web a trav\u00e9s de los datos indicados en el Aviso legal.<\/p>\n<p>[\/et_pb_text][\/et_pb_column][\/et_pb_row][et_pb_row _builder_version=&#8221;4.27.5&#8243; _module_preset=&#8221;default&#8221; max_width=&#8221;400px&#8221; module_alignment=&#8221;center&#8221; custom_padding=&#8221;||140px||false|false&#8221; global_colors_info=&#8221;{}&#8221; theme_builder_area=&#8221;post_content&#8221;][et_pb_column type=&#8221;4_4&#8243; _builder_version=&#8221;4.27.5&#8243; _module_preset=&#8221;default&#8221; global_colors_info=&#8221;{}&#8221; theme_builder_area=&#8221;post_content&#8221;][et_pb_button button_url=&#8221;https:\/\/gironaillustration.com\/index.php\/es\/inicio\/&#8221; button_text=&#8221;VOLVER A INICIO&#8221; button_alignment=&#8221;center&#8221; _builder_version=&#8221;4.27.5&#8243; _module_preset=&#8221;default&#8221; button_font=&#8221;&#8211;et_global_body_font|500|||||||&#8221; hover_enabled=&#8221;0&#8243; global_colors_info=&#8221;{}&#8221; theme_builder_area=&#8221;post_content&#8221; sticky_enabled=&#8221;0&#8243;][\/et_pb_button][\/et_pb_column][\/et_pb_row][\/et_pb_section]<\/p>\n","protected":false},"excerpt":{"rendered":"<p>Pol\u00edtica de cookies Este sitio web utiliza \u00fanicamente cookies t\u00e9cnicas necesarias para su correcto funcionamiento. No se utilizan cookies con fines publicitarios ni de elaboraci\u00f3n de perfiles, ni se recopilan datos personales mediante cookies. En caso de que en el futuro se incorporen cookies de terceros (por ejemplo, servicios de estad\u00edsticas), esta pol\u00edtica ser\u00e1 debidamente [&hellip;]<\/p>\n","protected":false},"author":1,"featured_media":0,"parent":0,"menu_order":0,"comment_status":"closed","ping_status":"closed","template":"","meta":{"_et_pb_use_builder":"on","_et_pb_old_content":"","_et_gb_content_width":"","footnotes":""},"class_list":["post-559","page","type-page","status-publish","hentry"],"_links":{"self":[{"href":"https:\/\/gironaillustration.com\/index.php\/wp-json\/wp\/v2\/pages\/559","targetHints":{"allow":["GET"]}}],"collection":[{"href":"https:\/\/gironaillustration.com\/index.php\/wp-json\/wp\/v2\/pages"}],"about":[{"href":"https:\/\/gironaillustration.com\/index.php\/wp-json\/wp\/v2\/types\/page"}],"author":[{"embeddable":true,"href":"https:\/\/gironaillustration.com\/index.php\/wp-json\/wp\/v2\/users\/1"}],"replies":[{"embeddable":true,"href":"https:\/\/gironaillustration.com\/index.php\/wp-json\/wp\/v2\/comments?post=559"}],"version-history":[{"count":4,"href":"https:\/\/gironaillustration.com\/index.php\/wp-json\/wp\/v2\/pages\/559\/revisions"}],"predecessor-version":[{"id":563,"href":"https:\/\/gironaillustration.com\/index.php\/wp-json\/wp\/v2\/pages\/559\/revisions\/563"}],"wp:attachment":[{"href":"https:\/\/gironaillustration.com\/index.php\/wp-json\/wp\/v2\/media?parent=559"}],"curies":[{"name":"wp","href":"https:\/\/api.w.org\/{rel}","templated":true}]}}