{"id":553,"date":"2026-02-02T11:43:12","date_gmt":"2026-02-02T11:43:12","guid":{"rendered":"https:\/\/gironaillustration.com\/?page_id=553"},"modified":"2026-02-02T11:45:58","modified_gmt":"2026-02-02T11:45:58","slug":"politica-de-cookies","status":"publish","type":"page","link":"https:\/\/gironaillustration.com\/index.php\/politica-de-cookies\/","title":{"rendered":"Pol\u00edtica de cookies"},"content":{"rendered":"<p>[et_pb_section fb_built=&#8221;1&#8243; _builder_version=&#8221;4.27.4&#8243; _module_preset=&#8221;default&#8221; global_colors_info=&#8221;{}&#8221;][et_pb_row _builder_version=&#8221;4.27.4&#8243; _module_preset=&#8221;default&#8221; max_width=&#8221;80%&#8221; module_alignment=&#8221;center&#8221; custom_margin=&#8221;-50px||||false|false&#8221; global_colors_info=&#8221;{}&#8221;][et_pb_column type=&#8221;4_4&#8243; _builder_version=&#8221;4.27.4&#8243; _module_preset=&#8221;default&#8221; global_colors_info=&#8221;{}&#8221;][et_pb_text _builder_version=&#8221;4.27.5&#8243; _module_preset=&#8221;default&#8221; custom_padding=&#8221;0px||||false|false&#8221; global_colors_info=&#8221;{}&#8221;]<\/p>\n<h2 class=\"et_pb_module_header\" style=\"text-align: center;\">Pol\u00edtica de cookies<\/h2>\n<p data-start=\"553\" data-end=\"651\">\n<p data-start=\"553\" data-end=\"651\">Aquest lloc web utilitza \u00fanicament cookies t\u00e8cniques necess\u00e0ries per al seu correcte funcionament.<\/p>\n<p data-start=\"656\" data-end=\"776\">No s\u2019utilitzen cookies amb finalitats publicit\u00e0ries ni de perfilatge, ni es recullen dades personals mitjan\u00e7ant cookies.<\/p>\n<p data-start=\"781\" data-end=\"922\">En cas que en el futur s\u2019incorporin cookies de tercers (per exemple, serveis d\u2019estad\u00edstiques), aquesta pol\u00edtica ser\u00e0 actualitzada degudament.<\/p>\n<p data-start=\"927\" data-end=\"1071\">L\u2019usuari pot configurar el seu navegador per bloquejar o eliminar les cookies, tot i que aix\u00f2 pot afectar el correcte funcionament del lloc web.<\/p>\n<p data-start=\"1076\" data-end=\"1210\">Per a m\u00e9s informaci\u00f3 sobre l\u2019\u00fas de cookies, podeu contactar amb el titular del lloc web mitjan\u00e7ant les dades indicades a l\u2019Av\u00eds legal.<\/p>\n<p>[\/et_pb_text][\/et_pb_column][\/et_pb_row][et_pb_row _builder_version=&#8221;4.27.5&#8243; _module_preset=&#8221;default&#8221; max_width=&#8221;400px&#8221; module_alignment=&#8221;center&#8221; hover_enabled=&#8221;0&#8243; global_colors_info=&#8221;{}&#8221; custom_padding=&#8221;||140px||false|false&#8221; sticky_enabled=&#8221;0&#8243;][et_pb_column type=&#8221;4_4&#8243; _builder_version=&#8221;4.27.5&#8243; _module_preset=&#8221;default&#8221; global_colors_info=&#8221;{}&#8221;][et_pb_button button_url=&#8221;https:\/\/gironaillustration.com\/&#8221; button_text=&#8221;TORNAR A INICI&#8221; button_alignment=&#8221;center&#8221; _builder_version=&#8221;4.27.5&#8243; _module_preset=&#8221;default&#8221; button_font=&#8221;&#8211;et_global_body_font|500|||||||&#8221; global_colors_info=&#8221;{}&#8221;][\/et_pb_button][\/et_pb_column][\/et_pb_row][\/et_pb_section]<\/p>\n","protected":false},"excerpt":{"rendered":"<p>Pol\u00edtica de cookies Aquest lloc web utilitza \u00fanicament cookies t\u00e8cniques necess\u00e0ries per al seu correcte funcionament. No s\u2019utilitzen cookies amb finalitats publicit\u00e0ries ni de perfilatge, ni es recullen dades personals mitjan\u00e7ant cookies. En cas que en el futur s\u2019incorporin cookies de tercers (per exemple, serveis d\u2019estad\u00edstiques), aquesta pol\u00edtica ser\u00e0 actualitzada degudament. L\u2019usuari pot configurar el [&hellip;]<\/p>\n","protected":false},"author":1,"featured_media":0,"parent":0,"menu_order":0,"comment_status":"closed","ping_status":"closed","template":"","meta":{"_et_pb_use_builder":"on","_et_pb_old_content":"","_et_gb_content_width":"","footnotes":""},"class_list":["post-553","page","type-page","status-publish","hentry"],"_links":{"self":[{"href":"https:\/\/gironaillustration.com\/index.php\/wp-json\/wp\/v2\/pages\/553","targetHints":{"allow":["GET"]}}],"collection":[{"href":"https:\/\/gironaillustration.com\/index.php\/wp-json\/wp\/v2\/pages"}],"about":[{"href":"https:\/\/gironaillustration.com\/index.php\/wp-json\/wp\/v2\/types\/page"}],"author":[{"embeddable":true,"href":"https:\/\/gironaillustration.com\/index.php\/wp-json\/wp\/v2\/users\/1"}],"replies":[{"embeddable":true,"href":"https:\/\/gironaillustration.com\/index.php\/wp-json\/wp\/v2\/comments?post=553"}],"version-history":[{"count":5,"href":"https:\/\/gironaillustration.com\/index.php\/wp-json\/wp\/v2\/pages\/553\/revisions"}],"predecessor-version":[{"id":558,"href":"https:\/\/gironaillustration.com\/index.php\/wp-json\/wp\/v2\/pages\/553\/revisions\/558"}],"wp:attachment":[{"href":"https:\/\/gironaillustration.com\/index.php\/wp-json\/wp\/v2\/media?parent=553"}],"curies":[{"name":"wp","href":"https:\/\/api.w.org\/{rel}","templated":true}]}}