{"id":519,"date":"2026-02-02T00:54:51","date_gmt":"2026-02-02T00:54:51","guid":{"rendered":"https:\/\/gironaillustration.com\/?page_id=519"},"modified":"2026-02-02T12:16:53","modified_gmt":"2026-02-02T12:16:53","slug":"aviso-legal","status":"publish","type":"page","link":"https:\/\/gironaillustration.com\/index.php\/es\/aviso-legal\/","title":{"rendered":"Aviso legal"},"content":{"rendered":"<p>[et_pb_section fb_built=&#8221;1&#8243; _builder_version=&#8221;4.27.4&#8243; _module_preset=&#8221;default&#8221; global_colors_info=&#8221;{}&#8221;][et_pb_row _builder_version=&#8221;4.27.4&#8243; _module_preset=&#8221;default&#8221; max_width=&#8221;80%&#8221; module_alignment=&#8221;center&#8221; custom_margin=&#8221;-50px||||false|false&#8221; global_colors_info=&#8221;{}&#8221;][et_pb_column type=&#8221;4_4&#8243; _builder_version=&#8221;4.27.4&#8243; _module_preset=&#8221;default&#8221; global_colors_info=&#8221;{}&#8221;][et_pb_text _builder_version=&#8221;4.27.5&#8243; _module_preset=&#8221;default&#8221; custom_padding=&#8221;0px||||false|false&#8221; global_colors_info=&#8221;{}&#8221;]<\/p>\n<h2 class=\"et_pb_module_header\" style=\"text-align: center;\">Aviso legal<\/h2>\n<p data-start=\"378\" data-end=\"563\">En cumplimiento de lo dispuesto en la Ley 34\/2002, de 11 de julio, de Servicios de la Sociedad de la Informaci\u00f3n y de Comercio Electr\u00f3nico (LSSI-CE), se informa de los siguientes datos:<\/p>\n<h3 data-start=\"565\" data-end=\"593\">1. Datos identificativos<\/h3>\n<p data-start=\"595\" data-end=\"857\"><strong data-start=\"595\" data-end=\"607\">Titular:<\/strong> Oscar Pina<br data-start=\"618\" data-end=\"621\" \/><strong data-start=\"621\" data-end=\"629\">NIF:<\/strong> 37377267-J<br data-start=\"640\" data-end=\"643\" \/><strong data-start=\"643\" data-end=\"666\">Correo electr\u00f3nico:<\/strong> <a data-start=\"667\" data-end=\"685\" class=\"decorated-link cursor-pointer\" rel=\"noopener\">info@oscarpina.com<span aria-hidden=\"true\" class=\"ms-0.5 inline-block align-middle leading-none\"><svg xmlns=\"http:\/\/www.w3.org\/2000\/svg\" width=\"20\" height=\"20\" aria-hidden=\"true\" data-rtl-flip=\"\" class=\"block h-[0.75em] w-[0.75em] stroke-current stroke-[0.75]\"><use href=\"\/cdn\/assets\/sprites-core-c9exbsc1.svg#304883\" fill=\"currentColor\"><\/use><\/svg><\/span><\/a><br data-start=\"685\" data-end=\"688\" \/><strong data-start=\"688\" data-end=\"702\">Domicilio:<\/strong> Espa\u00f1a<br data-start=\"709\" data-end=\"712\" \/><strong data-start=\"712\" data-end=\"726\">Sitio web:<\/strong> <a data-start=\"727\" data-end=\"757\" rel=\"noopener\" target=\"_new\" class=\"decorated-link cursor-pointer\">https:\/\/gironaillustration.com<span aria-hidden=\"true\" class=\"ms-0.5 inline-block align-middle leading-none\"><svg xmlns=\"http:\/\/www.w3.org\/2000\/svg\" width=\"20\" height=\"20\" aria-hidden=\"true\" data-rtl-flip=\"\" class=\"block h-[0.75em] w-[0.75em] stroke-current stroke-[0.75]\"><use href=\"\/cdn\/assets\/sprites-core-c9exbsc1.svg#304883\" fill=\"currentColor\"><\/use><\/svg><\/span><\/a><br data-start=\"757\" data-end=\"760\" \/><strong data-start=\"760\" data-end=\"774\">Actividad:<\/strong> Artista pl\u00e1stico e ilustrador. Difusi\u00f3n de obra art\u00edstica y actividad profesional.<\/p>\n<hr data-start=\"859\" data-end=\"862\" \/>\n<h3 data-start=\"864\" data-end=\"891\">2. Objeto del sitio web<\/h3>\n<p data-start=\"893\" data-end=\"1091\">El presente sitio web tiene como finalidad la presentaci\u00f3n y difusi\u00f3n del proyecto art\u00edstico <em data-start=\"986\" data-end=\"1007\">Girona Illustration<\/em>, as\u00ed como la exhibici\u00f3n de ilustraciones y obra original realizadas por el titular.<\/p>\n<p data-start=\"1093\" data-end=\"1310\">Este sitio web <strong data-start=\"1108\" data-end=\"1149\">no realiza venta directa de productos<\/strong>.<br data-start=\"1150\" data-end=\"1153\" \/>La adquisici\u00f3n de obras se efect\u00faa a trav\u00e9s de plataformas externas o mediante contacto directo con el autor, cuyos enlaces pueden encontrarse en este sitio.<\/p>\n<hr data-start=\"1312\" data-end=\"1315\" \/>\n<h3 data-start=\"1317\" data-end=\"1342\">3. Condiciones de uso<\/h3>\n<p data-start=\"1344\" data-end=\"1550\">El acceso y uso de este sitio web atribuye la condici\u00f3n de usuario, implicando la aceptaci\u00f3n plena de las disposiciones incluidas en el presente Aviso Legal desde el mismo momento en que se accede al sitio.<\/p>\n<p data-start=\"1552\" data-end=\"1784\">El usuario se compromete a hacer un uso adecuado de los contenidos y servicios que el titular ofrece a trav\u00e9s del sitio web y a no emplearlos para actividades il\u00edcitas, ilegales o contrarias a la buena fe y al ordenamiento jur\u00eddico.<\/p>\n<hr data-start=\"1786\" data-end=\"1789\" \/>\n<h3 data-start=\"1791\" data-end=\"1832\">4. Propiedad intelectual e industrial<\/h3>\n<p data-start=\"1834\" data-end=\"2094\">Todos los contenidos del sitio web, incluyendo, a t\u00edtulo enunciativo pero no limitativo, textos, im\u00e1genes, ilustraciones, obras art\u00edsticas, dise\u00f1o gr\u00e1fico y cualquier otro material, son propiedad del titular o se dispone de los derechos necesarios para su uso.<\/p>\n<p data-start=\"2096\" data-end=\"2255\">Queda expresamente prohibida la reproducci\u00f3n, distribuci\u00f3n, comunicaci\u00f3n p\u00fablica o transformaci\u00f3n de dichos contenidos sin la autorizaci\u00f3n expresa del titular.<\/p>\n<hr data-start=\"2257\" data-end=\"2260\" \/>\n<h3 data-start=\"2262\" data-end=\"2284\">5. Responsabilidad<\/h3>\n<p data-start=\"2286\" data-end=\"2462\">El titular no se hace responsable de los posibles errores u omisiones en los contenidos del sitio web ni de los da\u00f1os derivados del uso de la informaci\u00f3n contenida en el mismo.<\/p>\n<p data-start=\"2464\" data-end=\"2642\">Asimismo, el titular no se responsabiliza de los contenidos, pol\u00edticas o pr\u00e1cticas de los sitios web de terceros a los que se pueda acceder mediante enlaces desde este sitio web.<\/p>\n<hr data-start=\"2644\" data-end=\"2647\" \/>\n<h3 data-start=\"2649\" data-end=\"2672\">6. Enlaces externos<\/h3>\n<p data-start=\"2674\" data-end=\"2920\">Este sitio web puede contener enlaces a p\u00e1ginas web de terceros, incluyendo plataformas de venta online.<br data-start=\"2778\" data-end=\"2781\" \/>El titular no ejerce ning\u00fan control sobre dichos sitios ni sobre sus contenidos, por lo que no asume responsabilidad alguna por los mismos.<\/p>\n<hr data-start=\"2922\" data-end=\"2925\" \/>\n<h3 data-start=\"2927\" data-end=\"2970\">7. Legislaci\u00f3n aplicable y jurisdicci\u00f3n<\/h3>\n<p data-start=\"2972\" data-end=\"3235\">El presente Aviso Legal se rige por la legislaci\u00f3n espa\u00f1ola.<br data-start=\"3032\" data-end=\"3035\" \/>Para la resoluci\u00f3n de cualquier controversia que pudiera derivarse del acceso o uso del sitio web, las partes se someten a los juzgados y tribunales que correspondan conforme a la legislaci\u00f3n vigente.<\/p>\n<p data-start=\"4069\" data-end=\"4213\">\n<p>[\/et_pb_text][\/et_pb_column][\/et_pb_row][et_pb_row _builder_version=&#8221;4.27.5&#8243; _module_preset=&#8221;default&#8221; max_width=&#8221;400px&#8221; module_alignment=&#8221;center&#8221; hover_enabled=&#8221;0&#8243; global_colors_info=&#8221;{}&#8221; column_structure=&#8221;1_2,1_2&#8243; sticky_enabled=&#8221;0&#8243;][et_pb_column type=&#8221;1_2&#8243; _builder_version=&#8221;4.27.5&#8243; _module_preset=&#8221;default&#8221; global_colors_info=&#8221;{}&#8221;][et_pb_button button_url=&#8221;https:\/\/gironaillustration.com\/index.php\/es\/politica-de-cookies-esp\/&#8221; button_text=&#8221;POL\u00cdTICA DE COOKIES&#8221; button_alignment=&#8221;center&#8221; _builder_version=&#8221;4.27.5&#8243; _module_preset=&#8221;default&#8221; button_font=&#8221;&#8211;et_global_body_font|500|||||||&#8221; hover_enabled=&#8221;0&#8243; global_colors_info=&#8221;{}&#8221; theme_builder_area=&#8221;post_content&#8221; sticky_enabled=&#8221;0&#8243;][\/et_pb_button][\/et_pb_column][et_pb_column type=&#8221;1_2&#8243; _builder_version=&#8221;4.27.5&#8243; _module_preset=&#8221;default&#8221; global_colors_info=&#8221;{}&#8221;][et_pb_button button_url=&#8221;https:\/\/gironaillustration.com\/index.php\/es\/inicio\/&#8221; button_text=&#8221;VOLVER A INICIO&#8221; button_alignment=&#8221;center&#8221; _builder_version=&#8221;4.27.5&#8243; _module_preset=&#8221;default&#8221; button_font=&#8221;&#8211;et_global_body_font|500|||||||&#8221; global_colors_info=&#8221;{}&#8221;][\/et_pb_button][\/et_pb_column][\/et_pb_row][\/et_pb_section]<\/p>\n","protected":false},"excerpt":{"rendered":"<p>Aviso legal En cumplimiento de lo dispuesto en la Ley 34\/2002, de 11 de julio, de Servicios de la Sociedad de la Informaci\u00f3n y de Comercio Electr\u00f3nico (LSSI-CE), se informa de los siguientes datos: 1. Datos identificativos Titular: Oscar PinaNIF: 37377267-JCorreo electr\u00f3nico: info@oscarpina.comDomicilio: Espa\u00f1aSitio web: https:\/\/gironaillustration.comActividad: Artista pl\u00e1stico e ilustrador. Difusi\u00f3n de obra art\u00edstica y [&hellip;]<\/p>\n","protected":false},"author":1,"featured_media":0,"parent":0,"menu_order":0,"comment_status":"closed","ping_status":"closed","template":"","meta":{"_et_pb_use_builder":"on","_et_pb_old_content":"","_et_gb_content_width":"","footnotes":""},"class_list":["post-519","page","type-page","status-publish","hentry"],"_links":{"self":[{"href":"https:\/\/gironaillustration.com\/index.php\/wp-json\/wp\/v2\/pages\/519","targetHints":{"allow":["GET"]}}],"collection":[{"href":"https:\/\/gironaillustration.com\/index.php\/wp-json\/wp\/v2\/pages"}],"about":[{"href":"https:\/\/gironaillustration.com\/index.php\/wp-json\/wp\/v2\/types\/page"}],"author":[{"embeddable":true,"href":"https:\/\/gironaillustration.com\/index.php\/wp-json\/wp\/v2\/users\/1"}],"replies":[{"embeddable":true,"href":"https:\/\/gironaillustration.com\/index.php\/wp-json\/wp\/v2\/comments?post=519"}],"version-history":[{"count":5,"href":"https:\/\/gironaillustration.com\/index.php\/wp-json\/wp\/v2\/pages\/519\/revisions"}],"predecessor-version":[{"id":572,"href":"https:\/\/gironaillustration.com\/index.php\/wp-json\/wp\/v2\/pages\/519\/revisions\/572"}],"wp:attachment":[{"href":"https:\/\/gironaillustration.com\/index.php\/wp-json\/wp\/v2\/media?parent=519"}],"curies":[{"name":"wp","href":"https:\/\/api.w.org\/{rel}","templated":true}]}}