{"id":483,"date":"2026-02-02T00:10:50","date_gmt":"2026-02-02T00:10:50","guid":{"rendered":"https:\/\/gironaillustration.com\/?page_id=483"},"modified":"2026-02-02T00:36:09","modified_gmt":"2026-02-02T00:36:09","slug":"markets","status":"publish","type":"page","link":"https:\/\/gironaillustration.com\/index.php\/es\/markets\/","title":{"rendered":"Markets"},"content":{"rendered":"<p>[et_pb_section fb_built=&#8221;1&#8243; _builder_version=&#8221;4.27.4&#8243; _module_preset=&#8221;default&#8221; global_colors_info=&#8221;{}&#8221;][et_pb_row _builder_version=&#8221;4.27.4&#8243; _module_preset=&#8221;default&#8221; max_width=&#8221;80%&#8221; module_alignment=&#8221;center&#8221; custom_margin=&#8221;-50px||||false|false&#8221; global_colors_info=&#8221;{}&#8221;][et_pb_column type=&#8221;4_4&#8243; _builder_version=&#8221;4.27.4&#8243; _module_preset=&#8221;default&#8221; global_colors_info=&#8221;{}&#8221;][et_pb_image src=&#8221;https:\/\/gironaillustration.com\/wp-content\/uploads\/2026\/02\/mercats.jpg&#8221; title_text=&#8221;mercats&#8221; align=&#8221;center&#8221; disabled_on=&#8221;on|off|off&#8221; _builder_version=&#8221;4.27.5&#8243; _module_preset=&#8221;default&#8221; border_radii=&#8221;on|20px|20px|20px|20px&#8221; global_colors_info=&#8221;{}&#8221;][\/et_pb_image][et_pb_image src=&#8221;https:\/\/gironaillustration.com\/wp-content\/uploads\/2026\/02\/mercats2.jpg&#8221; title_text=&#8221;mercats2&#8243; align=&#8221;center&#8221; disabled_on=&#8221;off|on|on&#8221; _builder_version=&#8221;4.27.5&#8243; _module_preset=&#8221;default&#8221; border_radii=&#8221;on|20px|20px|20px|20px&#8221; global_colors_info=&#8221;{}&#8221;][\/et_pb_image][et_pb_text _builder_version=&#8221;4.27.5&#8243; _module_preset=&#8221;default&#8221; text_font_size=&#8221;14px&#8221; header_font_size=&#8221;69px&#8221; width=&#8221;100%&#8221; module_alignment=&#8221;center&#8221; hover_enabled=&#8221;0&#8243; global_colors_info=&#8221;{}&#8221; custom_margin=&#8221;||37px||false|false&#8221; sticky_enabled=&#8221;0&#8243;]<\/p>\n<h2 class=\"et_pb_module_header\" style=\"text-align: center;\"><span>Markets<\/span><\/h2>\n<p>[\/et_pb_text][et_pb_text _builder_version=&#8221;4.27.5&#8243; _module_preset=&#8221;default&#8221; custom_margin=&#8221;-30px||||false|false&#8221; custom_padding=&#8221;0px||||false|false&#8221; hover_enabled=&#8221;0&#8243; global_colors_info=&#8221;{}&#8221; sticky_enabled=&#8221;0&#8243;]<\/p>\n<p data-start=\"2093\" data-end=\"2180\" style=\"text-align: center;\">Pod\u00e9is encontrarme todos los s\u00e1bados en la feria de artesan\u00eda del del pont de pedra de Girona.<br \/>Pr\u00f3ximas ferias <strong>MARZO<\/strong>: 7, 14, 21 y 28 &#8211; <strong>ABRIL<\/strong> 4\/5, 11, 18 y 25<br \/>Para m\u00e1s informaci\u00f3n y consultas, contactad v\u00eda <a href=\"tel:+34651938046\">tel\u00e9fono<\/a>, <a href=\"mailto:info@oscarpina.com\">correo electr\u00f3nico<\/a> o <a href=\"https:\/\/wa.me\/+34651938046\">whatsapp<\/a>.<\/p>\n<p>[\/et_pb_text][\/et_pb_column][\/et_pb_row][et_pb_row _builder_version=&#8221;4.27.5&#8243; _module_preset=&#8221;default&#8221; max_width=&#8221;400px&#8221; module_alignment=&#8221;center&#8221; global_colors_info=&#8221;{}&#8221;][et_pb_column type=&#8221;4_4&#8243; _builder_version=&#8221;4.27.5&#8243; _module_preset=&#8221;default&#8221; global_colors_info=&#8221;{}&#8221;][et_pb_button button_url=&#8221;https:\/\/gironaillustration.com\/index.php\/es\/contacto\/&#8221; button_text=&#8221;CONTACTO&#8221; button_alignment=&#8221;center&#8221; _builder_version=&#8221;4.27.5&#8243; _module_preset=&#8221;default&#8221; button_font=&#8221;&#8211;et_global_body_font|500|||||||&#8221; hover_enabled=&#8221;0&#8243; global_colors_info=&#8221;{}&#8221; sticky_enabled=&#8221;0&#8243;][\/et_pb_button][\/et_pb_column][\/et_pb_row][\/et_pb_section]<\/p>\n","protected":false},"excerpt":{"rendered":"<p>MarketsPod\u00e9is encontrarme todos los s\u00e1bados en la feria de artesan\u00eda del del pont de pedra de Girona.Pr\u00f3ximas ferias MARZO: 7, 14, 21 y 28 &#8211; ABRIL 4\/5, 11, 18 y 25Para m\u00e1s informaci\u00f3n y consultas, contactad v\u00eda tel\u00e9fono, correo electr\u00f3nico o whatsapp.<\/p>\n","protected":false},"author":1,"featured_media":0,"parent":0,"menu_order":0,"comment_status":"closed","ping_status":"closed","template":"","meta":{"_et_pb_use_builder":"on","_et_pb_old_content":"","_et_gb_content_width":"","footnotes":""},"class_list":["post-483","page","type-page","status-publish","hentry"],"_links":{"self":[{"href":"https:\/\/gironaillustration.com\/index.php\/wp-json\/wp\/v2\/pages\/483","targetHints":{"allow":["GET"]}}],"collection":[{"href":"https:\/\/gironaillustration.com\/index.php\/wp-json\/wp\/v2\/pages"}],"about":[{"href":"https:\/\/gironaillustration.com\/index.php\/wp-json\/wp\/v2\/types\/page"}],"author":[{"embeddable":true,"href":"https:\/\/gironaillustration.com\/index.php\/wp-json\/wp\/v2\/users\/1"}],"replies":[{"embeddable":true,"href":"https:\/\/gironaillustration.com\/index.php\/wp-json\/wp\/v2\/comments?post=483"}],"version-history":[{"count":4,"href":"https:\/\/gironaillustration.com\/index.php\/wp-json\/wp\/v2\/pages\/483\/revisions"}],"predecessor-version":[{"id":505,"href":"https:\/\/gironaillustration.com\/index.php\/wp-json\/wp\/v2\/pages\/483\/revisions\/505"}],"wp:attachment":[{"href":"https:\/\/gironaillustration.com\/index.php\/wp-json\/wp\/v2\/media?parent=483"}],"curies":[{"name":"wp","href":"https:\/\/api.w.org\/{rel}","templated":true}]}}