{"id":464,"date":"2026-02-01T23:57:28","date_gmt":"2026-02-01T23:57:28","guid":{"rendered":"https:\/\/gironaillustration.com\/?page_id=464"},"modified":"2026-02-02T10:54:32","modified_gmt":"2026-02-02T10:54:32","slug":"ilustraciones","status":"publish","type":"page","link":"https:\/\/gironaillustration.com\/index.php\/es\/ilustraciones\/","title":{"rendered":"Ilustraciones"},"content":{"rendered":"<p>[et_pb_section fb_built=&#8221;1&#8243; _builder_version=&#8221;4.27.4&#8243; _module_preset=&#8221;default&#8221; global_colors_info=&#8221;{}&#8221;][et_pb_row _builder_version=&#8221;4.27.4&#8243; _module_preset=&#8221;default&#8221; max_width=&#8221;80%&#8221; module_alignment=&#8221;center&#8221; custom_margin=&#8221;-50px||||false|false&#8221; global_colors_info=&#8221;{}&#8221;][et_pb_column type=&#8221;4_4&#8243; _builder_version=&#8221;4.27.4&#8243; _module_preset=&#8221;default&#8221; global_colors_info=&#8221;{}&#8221;][et_pb_image src=&#8221;https:\/\/gironaillustration.com\/wp-content\/uploads\/2026\/02\/illustracions-1.jpg&#8221; title_text=&#8221;illustracions&#8221; align=&#8221;center&#8221; disabled_on=&#8221;on|off|off&#8221; _builder_version=&#8221;4.27.5&#8243; _module_preset=&#8221;default&#8221; border_radii=&#8221;on|20px|20px|20px|20px&#8221; global_colors_info=&#8221;{}&#8221;][\/et_pb_image][et_pb_image src=&#8221;https:\/\/gironaillustration.com\/wp-content\/uploads\/2026\/02\/illustracions3.jpg&#8221; title_text=&#8221;illustracions3&#8243; align=&#8221;center&#8221; disabled_on=&#8221;off|on|on&#8221; _builder_version=&#8221;4.27.5&#8243; _module_preset=&#8221;default&#8221; border_radii=&#8221;on|20px|20px|20px|20px&#8221; global_colors_info=&#8221;{}&#8221;][\/et_pb_image][et_pb_text _builder_version=&#8221;4.27.4&#8243; _module_preset=&#8221;default&#8221; text_font_size=&#8221;14px&#8221; header_font_size=&#8221;69px&#8221; width=&#8221;100%&#8221; module_alignment=&#8221;center&#8221; global_colors_info=&#8221;{}&#8221;]<\/p>\n<h2 class=\"et_pb_module_header\" style=\"text-align: center;\"><span>Ilustraciones<\/span><\/h2>\n<p>[\/et_pb_text][et_pb_text _builder_version=&#8221;4.27.5&#8243; _module_preset=&#8221;default&#8221; custom_margin=&#8221;-30px||||false|false&#8221; custom_padding=&#8221;0px||||false|false&#8221; hover_enabled=&#8221;0&#8243; global_colors_info=&#8221;{}&#8221; sticky_enabled=&#8221;0&#8243;]<\/p>\n<p data-start=\"2093\" data-end=\"2180\" style=\"text-align: center;\">L\u00e1minas de ilustraci\u00f3n de autor impresas en papeles de calidad y en diferentes formatos.<br data-start=\"674\" data-end=\"677\" \/>Consulta el <strong>cat\u00e1logo<\/strong> en nuestra tienda online. Descubre tambi\u00e9n mi obra <strong>original<\/strong>.<\/p>\n<p>[\/et_pb_text][\/et_pb_column][\/et_pb_row][et_pb_row _builder_version=&#8221;4.27.5&#8243; _module_preset=&#8221;default&#8221; max_width=&#8221;400px&#8221; module_alignment=&#8221;center&#8221; hover_enabled=&#8221;0&#8243; global_colors_info=&#8221;{}&#8221; column_structure=&#8221;1_2,1_2&#8243; sticky_enabled=&#8221;0&#8243;][et_pb_column type=&#8221;1_2&#8243; _builder_version=&#8221;4.27.5&#8243; _module_preset=&#8221;default&#8221; global_colors_info=&#8221;{}&#8221;][et_pb_button button_url=&#8221;https:\/\/illustration.sumupstore.com\/categoria\/girona-illustration-1&#8243; url_new_window=&#8221;on&#8221; button_text=&#8221;CAT\u00c1LOGO&#8221; button_alignment=&#8221;center&#8221; _builder_version=&#8221;4.27.5&#8243; _module_preset=&#8221;default&#8221; button_font=&#8221;&#8211;et_global_body_font|500|||||||&#8221; global_colors_info=&#8221;{}&#8221;][\/et_pb_button][\/et_pb_column][et_pb_column type=&#8221;1_2&#8243; _builder_version=&#8221;4.27.5&#8243; _module_preset=&#8221;default&#8221; global_colors_info=&#8221;{}&#8221;][et_pb_button button_url=&#8221;https:\/\/gironaillustration.com\/index.php\/es\/originales\/&#8221; button_text=&#8221;ORIGINALES&#8221; button_alignment=&#8221;center&#8221; _builder_version=&#8221;4.27.5&#8243; _module_preset=&#8221;default&#8221; button_font=&#8221;&#8211;et_global_body_font|500|||||||&#8221; hover_enabled=&#8221;0&#8243; global_colors_info=&#8221;{}&#8221; theme_builder_area=&#8221;post_content&#8221; sticky_enabled=&#8221;0&#8243;][\/et_pb_button][\/et_pb_column][\/et_pb_row][\/et_pb_section]<\/p>\n","protected":false},"excerpt":{"rendered":"<p>IlustracionesL\u00e1minas de ilustraci\u00f3n de autor impresas en papeles de calidad y en diferentes formatos.Consulta el cat\u00e1logo en nuestra tienda online. Descubre tambi\u00e9n mi obra original.<\/p>\n","protected":false},"author":1,"featured_media":0,"parent":0,"menu_order":0,"comment_status":"closed","ping_status":"closed","template":"","meta":{"_et_pb_use_builder":"on","_et_pb_old_content":"","_et_gb_content_width":"","footnotes":""},"class_list":["post-464","page","type-page","status-publish","hentry"],"_links":{"self":[{"href":"https:\/\/gironaillustration.com\/index.php\/wp-json\/wp\/v2\/pages\/464","targetHints":{"allow":["GET"]}}],"collection":[{"href":"https:\/\/gironaillustration.com\/index.php\/wp-json\/wp\/v2\/pages"}],"about":[{"href":"https:\/\/gironaillustration.com\/index.php\/wp-json\/wp\/v2\/types\/page"}],"author":[{"embeddable":true,"href":"https:\/\/gironaillustration.com\/index.php\/wp-json\/wp\/v2\/users\/1"}],"replies":[{"embeddable":true,"href":"https:\/\/gironaillustration.com\/index.php\/wp-json\/wp\/v2\/comments?post=464"}],"version-history":[{"count":6,"href":"https:\/\/gironaillustration.com\/index.php\/wp-json\/wp\/v2\/pages\/464\/revisions"}],"predecessor-version":[{"id":545,"href":"https:\/\/gironaillustration.com\/index.php\/wp-json\/wp\/v2\/pages\/464\/revisions\/545"}],"wp:attachment":[{"href":"https:\/\/gironaillustration.com\/index.php\/wp-json\/wp\/v2\/media?parent=464"}],"curies":[{"name":"wp","href":"https:\/\/api.w.org\/{rel}","templated":true}]}}